{"id":9003241321074178,"date":"2024-06-10T08:54:26","date_gmt":"2024-06-10T06:54:26","guid":{"rendered":"https:\/\/staging.buy.mev-elektronik.com\/imprint\/"},"modified":"2025-07-16T16:30:31","modified_gmt":"2025-07-16T14:30:31","slug":"imprint","status":"publish","type":"page","link":"https:\/\/staging.buy.mev-elektronik.com\/en\/imprint\/","title":{"rendered":"Imprint"},"content":{"rendered":"\n<p><strong>MEV Elektronik Service GmbH<br><\/strong>vertreten durch die Gesch\u00e4ftsf\u00fchrer:<br>Dieter Tappmeyer<br>Monika Stephens-Tappmeyer<br>Nordel 5a<br>49176 Hilter a.T.W.<\/p>\n\n\n\n<p><br>inhaltlich Verantwortlicher gem\u00e4\u00df \u00a7 6 MDStV:&nbsp;<br>Carolin Tappmeyer<\/p>\n\n\n\n<p>Registergericht:<br>Amtsgericht Osnabr\u00fcck, HRB 110575<br>Umsatzsteuer-Identifikationsnummer gem\u00e4\u00df \u00a7 27 Umsatzsteuergesetz:<br>DE117657850<br>WEEE-Reg.-Nr.: DE 37492701<\/p>\n\n\n\n<p><\/p>\n\n\n\n<p><strong>Tel:<\/strong><a href=\"tel:0542423400\"> <\/a><a href=\"tel:0542423400\">+49 (0) 54 24 \/ 23 40-0<\/a><br><strong>Fax:<\/strong>&nbsp;+49 (0) 54 24 \/ 23 40-40<br><strong>E-Mail:<\/strong><a href=\"mailto:info@mev-elektronik.com\"> <\/a><a href=\"mailto:info@mev-elektronik.com\">info@mev-elektronik.com<\/a><br><strong>Web:<\/strong><a href=\"http:\/\/www.mev-elektronik.com\/\"> <\/a><a href=\"http:\/\/www.mev-elektronik.com\/\">www.mev-elektronik.com<\/a><\/p>\n\n\n\n<p>Konzeption, Webdesign und Programmierung:<br><a rel=\"noreferrer noopener\" href=\"http:\/\/www.das-werbeatelier.de\/\" target=\"_blank\">das-werbeatelier.de<\/a>  |   <a href=\"https:\/\/electricarts.de\">electricarts.de<\/a><\/p>\n\n\n\n<p><\/p>\n\n\n\n<p><strong><br><\/strong><\/p>\n","protected":false},"excerpt":{"rendered":"<p>MEV Elektronik Service GmbHvertreten durch die Gesch\u00e4ftsf\u00fchrer:Dieter TappmeyerMonika Stephens-TappmeyerNordel 5a49176 Hilter a.T.W. inhaltlich Verantwortlicher gem\u00e4\u00df \u00a7 6 MDStV:&nbsp;Carolin Tappmeyer Registergericht:Amtsgericht Osnabr\u00fcck, HRB 110575Umsatzsteuer-Identifikationsnummer gem\u00e4\u00df \u00a7 27 Umsatzsteuergesetz:DE117657850WEEE-Reg.-Nr.: DE 37492701 Tel: +49 (0) 54 24 \/ 23 40-0Fax:&nbsp;+49 (0) 54 24 \/ 23 40-40E-Mail: info@mev-elektronik.comWeb: www.mev-elektronik.com Konzeption, Webdesign und Programmierung:das-werbeatelier.de | electricarts.de<\/p>\n","protected":false},"author":1,"featured_media":0,"parent":0,"menu_order":0,"comment_status":"closed","ping_status":"closed","template":"","meta":{"_acf_changed":false,"_seopress_robots_primary_cat":"","_seopress_titles_title":"","_seopress_titles_desc":"","_seopress_robots_index":"","footnotes":""},"class_list":["post-9003241321074178","page","type-page","status-publish","hentry"],"acf":[],"_links":{"self":[{"href":"https:\/\/staging.buy.mev-elektronik.com\/en\/wp-json\/wp\/v2\/pages\/9003241321074178","targetHints":{"allow":["GET"]}}],"collection":[{"href":"https:\/\/staging.buy.mev-elektronik.com\/en\/wp-json\/wp\/v2\/pages"}],"about":[{"href":"https:\/\/staging.buy.mev-elektronik.com\/en\/wp-json\/wp\/v2\/types\/page"}],"author":[{"embeddable":true,"href":"https:\/\/staging.buy.mev-elektronik.com\/en\/wp-json\/wp\/v2\/users\/1"}],"replies":[{"embeddable":true,"href":"https:\/\/staging.buy.mev-elektronik.com\/en\/wp-json\/wp\/v2\/comments?post=9003241321074178"}],"version-history":[{"count":3,"href":"https:\/\/staging.buy.mev-elektronik.com\/en\/wp-json\/wp\/v2\/pages\/9003241321074178\/revisions"}],"predecessor-version":[{"id":9003241321074182,"href":"https:\/\/staging.buy.mev-elektronik.com\/en\/wp-json\/wp\/v2\/pages\/9003241321074178\/revisions\/9003241321074182"}],"wp:attachment":[{"href":"https:\/\/staging.buy.mev-elektronik.com\/en\/wp-json\/wp\/v2\/media?parent=9003241321074178"}],"curies":[{"name":"wp","href":"https:\/\/api.w.org\/{rel}","templated":true}]}}